{"id":995,"date":"2025-02-27T14:28:35","date_gmt":"2025-02-27T14:28:35","guid":{"rendered":"https:\/\/mitlivimusikken.dk\/?page_id=995"},"modified":"2025-02-27T14:33:20","modified_gmt":"2025-02-27T14:33:20","slug":"musikalsk-foredrag-til-foreninger","status":"publish","type":"page","link":"https:\/\/mitlivimusikken.dk\/index.php\/musikalsk-foredrag-til-foreninger\/","title":{"rendered":"Musikalsk foredrag til foreninger"},"content":{"rendered":"\t\t<div data-elementor-type=\"wp-page\" data-elementor-id=\"995\" class=\"elementor elementor-995\">\n\t\t\t\t\t\t\t\t\t<section class=\"elementor-section elementor-top-section elementor-element elementor-element-6416898 elementor-section-height-min-height elementor-section-boxed elementor-section-height-default elementor-section-items-middle\" data-id=\"6416898\" data-element_type=\"section\" data-settings=\"{&quot;background_background&quot;:&quot;classic&quot;}\">\n\t\t\t\t\t\t\t<div class=\"elementor-background-overlay\"><\/div>\n\t\t\t\t\t\t\t<div class=\"elementor-container elementor-column-gap-default\">\n\t\t\t\t\t<div class=\"elementor-column elementor-col-50 elementor-top-column elementor-element elementor-element-3c8e290\" data-id=\"3c8e290\" data-element_type=\"column\">\n\t\t\t<div class=\"elementor-widget-wrap elementor-element-populated\">\n\t\t\t\t\t\t\t\t<div class=\"elementor-element elementor-element-2ceff4e elementor-hidden-mobile elementor-widget elementor-widget-heading\" data-id=\"2ceff4e\" data-element_type=\"widget\" data-widget_type=\"heading.default\">\n\t\t\t\t<div class=\"elementor-widget-container\">\n\t\t\t<style>\/*! elementor - v3.12.1 - 02-04-2023 *\/\n.elementor-heading-title{padding:0;margin:0;line-height:1}.elementor-widget-heading .elementor-heading-title[class*=elementor-size-]>a{color:inherit;font-size:inherit;line-height:inherit}.elementor-widget-heading .elementor-heading-title.elementor-size-small{font-size:15px}.elementor-widget-heading .elementor-heading-title.elementor-size-medium{font-size:19px}.elementor-widget-heading .elementor-heading-title.elementor-size-large{font-size:29px}.elementor-widget-heading .elementor-heading-title.elementor-size-xl{font-size:39px}.elementor-widget-heading .elementor-heading-title.elementor-size-xxl{font-size:59px}<\/style><h2 class=\"elementor-heading-title elementor-size-default\">Musikalsk foredrag til foreninger<\/h2>\t\t<\/div>\n\t\t\t\t<\/div>\n\t\t\t\t<div class=\"elementor-element elementor-element-50550c8 elementor-widget__width-initial elementor-widget elementor-widget-heading\" data-id=\"50550c8\" data-element_type=\"widget\" data-widget_type=\"heading.default\">\n\t\t\t\t<div class=\"elementor-widget-container\">\n\t\t\t<h2 class=\"elementor-heading-title elementor-size-default\">Mangler I et originalt, musikalsk\nindslag til jeres n\u00e6ste foredragsarrangement?<\/h2>\t\t<\/div>\n\t\t\t\t<\/div>\n\t\t\t\t<div class=\"elementor-element elementor-element-277f8eb elementor-widget elementor-widget-text-editor\" data-id=\"277f8eb\" data-element_type=\"widget\" data-widget_type=\"text-editor.default\">\n\t\t\t\t<div class=\"elementor-widget-container\">\n\t\t\t<style>\/*! elementor - v3.12.1 - 02-04-2023 *\/\n.elementor-widget-text-editor.elementor-drop-cap-view-stacked .elementor-drop-cap{background-color:#69727d;color:#fff}.elementor-widget-text-editor.elementor-drop-cap-view-framed .elementor-drop-cap{color:#69727d;border:3px solid;background-color:transparent}.elementor-widget-text-editor:not(.elementor-drop-cap-view-default) .elementor-drop-cap{margin-top:8px}.elementor-widget-text-editor:not(.elementor-drop-cap-view-default) .elementor-drop-cap-letter{width:1em;height:1em}.elementor-widget-text-editor .elementor-drop-cap{float:left;text-align:center;line-height:1;font-size:50px}.elementor-widget-text-editor .elementor-drop-cap-letter{display:inline-block}<\/style>\t\t\t\t<p>Vil du gerne at jeres medlemmer f\u00e5r en hjertelig og musikalsk oplevelse? Her har du fundet manden, der med garanti kan tilbyde jeres forening noget helt specielt. Ronnie Flyvbjerg Olesen kommer med et hjerteligt foredrag indeholdende r\u00f8rende fort\u00e6llinger, smuk musik, herlig f\u00e6llessang og enest\u00e5ende formidling.<\/p>\t\t\t\t\t\t<\/div>\n\t\t\t\t<\/div>\n\t\t\t\t<div class=\"elementor-element elementor-element-858179a elementor-mobile-align-center elementor-widget elementor-widget-button\" data-id=\"858179a\" data-element_type=\"widget\" data-widget_type=\"button.default\">\n\t\t\t\t<div class=\"elementor-widget-container\">\n\t\t\t\t\t<div class=\"elementor-button-wrapper\">\n\t\t\t<a href=\"https:\/\/mitlivimusikken.dk\/index.php\/kontakt\/\" class=\"elementor-button-link elementor-button elementor-size-sm\" role=\"button\">\n\t\t\t\t\t\t<span class=\"elementor-button-content-wrapper\">\n\t\t\t\t\t\t<span class=\"elementor-button-text\">Kontakt<\/span>\n\t\t<\/span>\n\t\t\t\t\t<\/a>\n\t\t<\/div>\n\t\t\t\t<\/div>\n\t\t\t\t<\/div>\n\t\t\t\t\t<\/div>\n\t\t<\/div>\n\t\t\t\t<div class=\"elementor-column elementor-col-50 elementor-top-column elementor-element elementor-element-c344f36\" data-id=\"c344f36\" data-element_type=\"column\">\n\t\t\t<div class=\"elementor-widget-wrap\">\n\t\t\t\t\t\t\t\t\t<\/div>\n\t\t<\/div>\n\t\t\t\t\t\t\t<\/div>\n\t\t<\/section>\n\t\t\t\t<section class=\"elementor-section elementor-top-section elementor-element elementor-element-05f95f0 elementor-section-height-min-height elementor-section-boxed elementor-section-height-default elementor-section-items-middle\" data-id=\"05f95f0\" data-element_type=\"section\" data-settings=\"{&quot;background_background&quot;:&quot;classic&quot;}\">\n\t\t\t\t\t\t\t<div class=\"elementor-background-overlay\"><\/div>\n\t\t\t\t\t\t\t<div class=\"elementor-container elementor-column-gap-default\">\n\t\t\t\t\t<div class=\"elementor-column elementor-col-50 elementor-top-column elementor-element elementor-element-30e49ce\" data-id=\"30e49ce\" data-element_type=\"column\">\n\t\t\t<div class=\"elementor-widget-wrap elementor-element-populated\">\n\t\t\t\t\t\t\t\t<div class=\"elementor-element elementor-element-9c375f5 elementor-widget elementor-widget-heading\" data-id=\"9c375f5\" data-element_type=\"widget\" data-widget_type=\"heading.default\">\n\t\t\t\t<div class=\"elementor-widget-container\">\n\t\t\t<h2 class=\"elementor-heading-title elementor-size-default\">Foredraget<\/h2>\t\t<\/div>\n\t\t\t\t<\/div>\n\t\t\t\t<div class=\"elementor-element elementor-element-45054bd elementor-widget elementor-widget-text-editor\" data-id=\"45054bd\" data-element_type=\"widget\" data-widget_type=\"text-editor.default\">\n\t\t\t\t<div class=\"elementor-widget-container\">\n\t\t\t\t\t\t\t<p>\u201cMit liv i musikken\u201d er et inspirerende og underholdende foredrag, hvor Ronnie Flyvbjerg Olesen deler sin personlige og musikalske rejse med tilh\u00f8rerne. Ronnie, en dygtig kapelmester i Mariehaven og for Birthe Kj\u00e6r, er f\u00f8dt i Sydkorea men opvokset i Danmark. Foredraget giver publikum et unikt indblik i hans liv som adoptivbarn, der ankom til en musikalsk familie i Midtjylland. Med et n\u00f8je udvalgt repertoire af r\u00f8rende stykker p\u00e5 tv\u00e6rs af genrer demonstrerer Ronnie sin dygtighed som en af Danmarks fremtr\u00e6dende tangentspillere. Han inviterer publikum med p\u00e5 en rejse, beriget med personlige fort\u00e6llinger og anekdoter fra b\u00e5de sit liv og sin karriere. Hans optr\u00e6den udstiller Ronnies alsidighed og giver tilskuerne et unikt indblik i, hvordan hans opv\u00e6kst og baggrund har formet ham til den, han er i dag.<\/p>\t\t\t\t\t\t<\/div>\n\t\t\t\t<\/div>\n\t\t\t\t\t<\/div>\n\t\t<\/div>\n\t\t\t\t<div class=\"elementor-column elementor-col-50 elementor-top-column elementor-element elementor-element-5859cb0\" data-id=\"5859cb0\" data-element_type=\"column\">\n\t\t\t<div class=\"elementor-widget-wrap elementor-element-populated\">\n\t\t\t\t\t\t\t\t<div class=\"elementor-element elementor-element-58b9c2f elementor-widget elementor-widget-image\" data-id=\"58b9c2f\" data-element_type=\"widget\" data-widget_type=\"image.default\">\n\t\t\t\t<div class=\"elementor-widget-container\">\n\t\t\t<style>\/*! elementor - v3.12.1 - 02-04-2023 *\/\n.elementor-widget-image{text-align:center}.elementor-widget-image a{display:inline-block}.elementor-widget-image a img[src$=\".svg\"]{width:48px}.elementor-widget-image img{vertical-align:middle;display:inline-block}<\/style>\t\t\t\t\t\t\t\t\t\t\t\t<img decoding=\"async\" width=\"800\" height=\"600\" src=\"https:\/\/mitlivimusikken.dk\/wp-content\/uploads\/2023\/04\/337887770_1901732063525566_3426221692919715165_n.jpg\" class=\"attachment-large size-large wp-image-603\" alt=\"\" loading=\"lazy\" srcset=\"https:\/\/mitlivimusikken.dk\/wp-content\/uploads\/2023\/04\/337887770_1901732063525566_3426221692919715165_n.jpg 960w, https:\/\/mitlivimusikken.dk\/wp-content\/uploads\/2023\/04\/337887770_1901732063525566_3426221692919715165_n-300x225.jpg 300w, https:\/\/mitlivimusikken.dk\/wp-content\/uploads\/2023\/04\/337887770_1901732063525566_3426221692919715165_n-768x576.jpg 768w\" sizes=\"(max-width: 800px) 100vw, 800px\" \/>\t\t\t\t\t\t\t\t\t\t\t\t\t\t\t<\/div>\n\t\t\t\t<\/div>\n\t\t\t\t\t<\/div>\n\t\t<\/div>\n\t\t\t\t\t\t\t<\/div>\n\t\t<\/section>\n\t\t\t\t<section class=\"elementor-section elementor-top-section elementor-element elementor-element-cd7df25 elementor-section-height-min-height elementor-section-boxed elementor-section-height-default elementor-section-items-middle\" data-id=\"cd7df25\" data-element_type=\"section\" data-settings=\"{&quot;background_background&quot;:&quot;classic&quot;}\">\n\t\t\t\t\t\t\t<div class=\"elementor-background-overlay\"><\/div>\n\t\t\t\t\t\t\t<div class=\"elementor-container elementor-column-gap-default\">\n\t\t\t\t\t<div class=\"elementor-column elementor-col-50 elementor-top-column elementor-element elementor-element-ea27f25\" data-id=\"ea27f25\" data-element_type=\"column\">\n\t\t\t<div class=\"elementor-widget-wrap elementor-element-populated\">\n\t\t\t\t\t\t\t\t<div class=\"elementor-element elementor-element-2af1c06 elementor-widget elementor-widget-image\" data-id=\"2af1c06\" data-element_type=\"widget\" data-widget_type=\"image.default\">\n\t\t\t\t<div class=\"elementor-widget-container\">\n\t\t\t\t\t\t\t\t\t\t\t\t\t\t\t<img decoding=\"async\" width=\"720\" height=\"540\" src=\"https:\/\/mitlivimusikken.dk\/wp-content\/uploads\/2023\/04\/339666504_174344342150919_7255698506974383530_n.jpg\" class=\"attachment-large size-large wp-image-606\" alt=\"\" loading=\"lazy\" srcset=\"https:\/\/mitlivimusikken.dk\/wp-content\/uploads\/2023\/04\/339666504_174344342150919_7255698506974383530_n.jpg 720w, https:\/\/mitlivimusikken.dk\/wp-content\/uploads\/2023\/04\/339666504_174344342150919_7255698506974383530_n-300x225.jpg 300w\" sizes=\"(max-width: 720px) 100vw, 720px\" \/>\t\t\t\t\t\t\t\t\t\t\t\t\t\t\t<\/div>\n\t\t\t\t<\/div>\n\t\t\t\t\t<\/div>\n\t\t<\/div>\n\t\t\t\t<div class=\"elementor-column elementor-col-50 elementor-top-column elementor-element elementor-element-fd15649\" data-id=\"fd15649\" data-element_type=\"column\">\n\t\t\t<div class=\"elementor-widget-wrap elementor-element-populated\">\n\t\t\t\t\t\t\t\t<div class=\"elementor-element elementor-element-97a2e66 elementor-widget elementor-widget-heading\" data-id=\"97a2e66\" data-element_type=\"widget\" data-widget_type=\"heading.default\">\n\t\t\t\t<div class=\"elementor-widget-container\">\n\t\t\t<h2 class=\"elementor-heading-title elementor-size-default\">Kom med p\u00e5 den musikalske fort\u00e6lling<\/h2>\t\t<\/div>\n\t\t\t\t<\/div>\n\t\t\t\t<div class=\"elementor-element elementor-element-ad74558 elementor-widget elementor-widget-text-editor\" data-id=\"ad74558\" data-element_type=\"widget\" data-widget_type=\"text-editor.default\">\n\t\t\t\t<div class=\"elementor-widget-container\">\n\t\t\t\t\t\t\t<p>Oplev Ronnie, n\u00e5r han l\u00e6gger liv og sj\u00e6l i tangenterne og giver tilskuerne en stor musikalsk oplevelse. Ronnie optr\u00e6der ofte for seniorklubber, pensionistklubber, aktivitetsklubber, venneforeninger, foredragsforeninger mm. Ronnie kan tilpasse sig alt fra de sm\u00e5 forsamlinger op til store \u00e5rsm\u00f8der og jubil\u00e6umsforsamlinger, alt sammen med samme nerve, n\u00e6rv\u00e6r og positive livsfort\u00e6lling som centrum i det musikalske foredrag.<\/p>\t\t\t\t\t\t<\/div>\n\t\t\t\t<\/div>\n\t\t\t\t\t<\/div>\n\t\t<\/div>\n\t\t\t\t\t\t\t<\/div>\n\t\t<\/section>\n\t\t\t\t<section class=\"elementor-section elementor-top-section elementor-element elementor-element-16199b6 elementor-section-height-min-height elementor-hidden-mobile elementor-section-boxed elementor-section-height-default elementor-section-items-middle\" data-id=\"16199b6\" data-element_type=\"section\" data-settings=\"{&quot;background_background&quot;:&quot;classic&quot;}\">\n\t\t\t\t\t\t<div class=\"elementor-container elementor-column-gap-default\">\n\t\t\t\t\t<div class=\"elementor-column elementor-col-100 elementor-top-column elementor-element elementor-element-cfce88a\" data-id=\"cfce88a\" data-element_type=\"column\" data-settings=\"{&quot;background_background&quot;:&quot;classic&quot;}\">\n\t\t\t<div class=\"elementor-widget-wrap elementor-element-populated\">\n\t\t\t\t\t\t\t\t<div class=\"elementor-element elementor-element-d5463c1 elementor-widget elementor-widget-heading\" data-id=\"d5463c1\" data-element_type=\"widget\" data-widget_type=\"heading.default\">\n\t\t\t\t<div class=\"elementor-widget-container\">\n\t\t\t<h2 class=\"elementor-heading-title elementor-size-default\">Ronnies musikunivers<\/h2>\t\t<\/div>\n\t\t\t\t<\/div>\n\t\t\t\t<div class=\"elementor-element elementor-element-5059289 elementor-widget elementor-widget-text-editor\" data-id=\"5059289\" data-element_type=\"widget\" data-widget_type=\"text-editor.default\">\n\t\t\t\t<div class=\"elementor-widget-container\">\n\t\t\t\t\t\t\t<p>Inviter Ronnie p\u00e5 bes\u00f8g i jeres forening med hans musikalske foredrag og oplev en unik blanding af musik og personlige fort\u00e6llinger, der vil fascinere og inspirere dit publikum. I t\u00e6t samarbejde skr\u00e6ddersyr han arrangementet, s\u00e5 det bliver en uforglemmelig oplevelse for alle.<\/p>\t\t\t\t\t\t<\/div>\n\t\t\t\t<\/div>\n\t\t\t\t<div class=\"elementor-element elementor-element-429bd5b elementor-widget elementor-widget-button\" data-id=\"429bd5b\" data-element_type=\"widget\" data-widget_type=\"button.default\">\n\t\t\t\t<div class=\"elementor-widget-container\">\n\t\t\t\t\t<div class=\"elementor-button-wrapper\">\n\t\t\t<a href=\"https:\/\/mitlivimusikken.dk\/index.php\/kontakt\/\" class=\"elementor-button-link elementor-button elementor-size-sm\" role=\"button\">\n\t\t\t\t\t\t<span class=\"elementor-button-content-wrapper\">\n\t\t\t\t\t\t<span class=\"elementor-button-text\">Kontakt<\/span>\n\t\t<\/span>\n\t\t\t\t\t<\/a>\n\t\t<\/div>\n\t\t\t\t<\/div>\n\t\t\t\t<\/div>\n\t\t\t\t\t<\/div>\n\t\t<\/div>\n\t\t\t\t\t\t\t<\/div>\n\t\t<\/section>\n\t\t\t\t\t\t\t<\/div>\n\t\t","protected":false},"excerpt":{"rendered":"<p>Musikalsk foredrag til foreninger Mangler I et originalt, musikalsk indslag til jeres n\u00e6ste foredragsarrangement? Vil du gerne at jeres medlemmer f\u00e5r en hjertelig og musikalsk oplevelse? Her har du fundet manden, der med garanti kan tilbyde jeres forening noget helt specielt. Ronnie Flyvbjerg Olesen kommer med et hjerteligt foredrag indeholdende r\u00f8rende fort\u00e6llinger, smuk musik, herlig [&hellip;]<\/p>\n","protected":false},"author":1,"featured_media":0,"parent":0,"menu_order":0,"comment_status":"closed","ping_status":"closed","template":"","meta":[],"_links":{"self":[{"href":"https:\/\/mitlivimusikken.dk\/index.php\/wp-json\/wp\/v2\/pages\/995"}],"collection":[{"href":"https:\/\/mitlivimusikken.dk\/index.php\/wp-json\/wp\/v2\/pages"}],"about":[{"href":"https:\/\/mitlivimusikken.dk\/index.php\/wp-json\/wp\/v2\/types\/page"}],"author":[{"embeddable":true,"href":"https:\/\/mitlivimusikken.dk\/index.php\/wp-json\/wp\/v2\/users\/1"}],"replies":[{"embeddable":true,"href":"https:\/\/mitlivimusikken.dk\/index.php\/wp-json\/wp\/v2\/comments?post=995"}],"version-history":[{"count":7,"href":"https:\/\/mitlivimusikken.dk\/index.php\/wp-json\/wp\/v2\/pages\/995\/revisions"}],"predecessor-version":[{"id":1004,"href":"https:\/\/mitlivimusikken.dk\/index.php\/wp-json\/wp\/v2\/pages\/995\/revisions\/1004"}],"wp:attachment":[{"href":"https:\/\/mitlivimusikken.dk\/index.php\/wp-json\/wp\/v2\/media?parent=995"}],"curies":[{"name":"wp","href":"https:\/\/api.w.org\/{rel}","templated":true}]}}