{"id":698,"date":"2023-04-23T17:30:20","date_gmt":"2023-04-23T17:30:20","guid":{"rendered":"https:\/\/mitlivimusikken.dk\/?page_id=698"},"modified":"2023-04-23T17:33:47","modified_gmt":"2023-04-23T17:33:47","slug":"privatlivspolitik","status":"publish","type":"page","link":"https:\/\/mitlivimusikken.dk\/index.php\/privatlivspolitik\/","title":{"rendered":"Privatlivspolitik"},"content":{"rendered":"\t\t<div data-elementor-type=\"wp-page\" data-elementor-id=\"698\" class=\"elementor elementor-698\">\n\t\t\t\t\t\t\t\t\t<section class=\"elementor-section elementor-top-section elementor-element elementor-element-57e1c95 elementor-section-height-min-height elementor-section-boxed elementor-section-height-default elementor-section-items-middle\" data-id=\"57e1c95\" data-element_type=\"section\" data-settings=\"{&quot;background_background&quot;:&quot;classic&quot;}\">\n\t\t\t\t\t\t\t<div class=\"elementor-background-overlay\"><\/div>\n\t\t\t\t\t\t\t<div class=\"elementor-container elementor-column-gap-default\">\n\t\t\t\t\t<div class=\"elementor-column elementor-col-50 elementor-top-column elementor-element elementor-element-d82980c\" data-id=\"d82980c\" data-element_type=\"column\">\n\t\t\t<div class=\"elementor-widget-wrap elementor-element-populated\">\n\t\t\t\t\t\t\t\t<div class=\"elementor-element elementor-element-390a47a elementor-widget elementor-widget-heading\" data-id=\"390a47a\" data-element_type=\"widget\" data-widget_type=\"heading.default\">\n\t\t\t\t<div class=\"elementor-widget-container\">\n\t\t\t<style>\/*! elementor - v3.12.1 - 02-04-2023 *\/\n.elementor-heading-title{padding:0;margin:0;line-height:1}.elementor-widget-heading .elementor-heading-title[class*=elementor-size-]>a{color:inherit;font-size:inherit;line-height:inherit}.elementor-widget-heading .elementor-heading-title.elementor-size-small{font-size:15px}.elementor-widget-heading .elementor-heading-title.elementor-size-medium{font-size:19px}.elementor-widget-heading .elementor-heading-title.elementor-size-large{font-size:29px}.elementor-widget-heading .elementor-heading-title.elementor-size-xl{font-size:39px}.elementor-widget-heading .elementor-heading-title.elementor-size-xxl{font-size:59px}<\/style><h2 class=\"elementor-heading-title elementor-size-default\">Privatlivspolitik<\/h2>\t\t<\/div>\n\t\t\t\t<\/div>\n\t\t\t\t\t<\/div>\n\t\t<\/div>\n\t\t\t\t<div class=\"elementor-column elementor-col-50 elementor-top-column elementor-element elementor-element-be8fd0e\" data-id=\"be8fd0e\" data-element_type=\"column\">\n\t\t\t<div class=\"elementor-widget-wrap\">\n\t\t\t\t\t\t\t\t\t<\/div>\n\t\t<\/div>\n\t\t\t\t\t\t\t<\/div>\n\t\t<\/section>\n\t\t\t\t<section class=\"elementor-section elementor-top-section elementor-element elementor-element-2b816f4 elementor-section-boxed elementor-section-height-default elementor-section-height-default\" data-id=\"2b816f4\" data-element_type=\"section\">\n\t\t\t\t\t\t<div class=\"elementor-container elementor-column-gap-default\">\n\t\t\t\t\t<div class=\"elementor-column elementor-col-100 elementor-top-column elementor-element elementor-element-4efeb25\" data-id=\"4efeb25\" data-element_type=\"column\">\n\t\t\t<div class=\"elementor-widget-wrap elementor-element-populated\">\n\t\t\t\t\t\t\t\t<div class=\"elementor-element elementor-element-94af09c elementor-widget elementor-widget-text-editor\" data-id=\"94af09c\" data-element_type=\"widget\" data-widget_type=\"text-editor.default\">\n\t\t\t\t<div class=\"elementor-widget-container\">\n\t\t\t<style>\/*! elementor - v3.12.1 - 02-04-2023 *\/\n.elementor-widget-text-editor.elementor-drop-cap-view-stacked .elementor-drop-cap{background-color:#69727d;color:#fff}.elementor-widget-text-editor.elementor-drop-cap-view-framed .elementor-drop-cap{color:#69727d;border:3px solid;background-color:transparent}.elementor-widget-text-editor:not(.elementor-drop-cap-view-default) .elementor-drop-cap{margin-top:8px}.elementor-widget-text-editor:not(.elementor-drop-cap-view-default) .elementor-drop-cap-letter{width:1em;height:1em}.elementor-widget-text-editor .elementor-drop-cap{float:left;text-align:center;line-height:1;font-size:50px}.elementor-widget-text-editor .elementor-drop-cap-letter{display:inline-block}<\/style>\t\t\t\t<p><strong>Privatlivspolitik for MitLivIMusikken.dk<\/strong><\/p><p>Dato for seneste opdatering: 23. april 2023<\/p><ol><li>Introduktion<\/li><\/ol><p>MitLivIMusikken.dk (&#8220;vi&#8221;, &#8220;os&#8221;, eller &#8220;vores&#8221;) er forpligtet til at beskytte og respektere dit privatliv. Denne privatlivspolitik beskriver, hvordan vi indsamler, bruger og beskytter dine personlige oplysninger, n\u00e5r du bes\u00f8ger vores website <a href=\"https:\/\/mitlivimusikken.dk\/\" target=\"_new\">https:\/\/mitlivimusikken.dk\/<\/a> (&#8220;hjemmesiden&#8221;) og bruger vores tjenester.<\/p><p>Ved at bruge hjemmesiden accepterer du vilk\u00e5rene i denne privatlivspolitik. Hvis du ikke er enig i vilk\u00e5rene, bedes du ikke bruge hjemmesiden.<\/p><ol start=\"2\"><li>Indsamling af personlige oplysninger<\/li><\/ol><p>Vi indsamler personlige oplysninger om dig, n\u00e5r du:<\/p><p>a) Bes\u00f8ger vores hjemmeside b) Tilmelder dig vores nyhedsbrev c) Deltager i konkurrencer, events eller kampagner d) Kontakter os via e-mail, telefon eller sociale medier<\/p><p>De personlige oplysninger, vi indsamler, kan inkludere dit navn, e-mailadresse, telefonnummer, adresse, f\u00f8dselsdato og andre oplysninger, du frivilligt giver os.<\/p><ol start=\"3\"><li>Anvendelse af personlige oplysninger<\/li><\/ol><p>Vi bruger dine personlige oplysninger til at:<\/p><p>a) Levere tjenester og produkter, du anmoder om b) Forbedre vores hjemmeside og tjenester c) Kommunikere med dig om nyheder, events og kampagner d) Behandle og besvare dine henvendelser e) Overholde g\u00e6ldende love og regler<\/p><ol start=\"4\"><li>Deling af personlige oplysninger<\/li><\/ol><p>Vi deler ikke dine personlige oplysninger med tredjeparter, medmindre:<\/p><p>a) Det er n\u00f8dvendigt for at levere de tjenester og produkter, du anmoder om b) Vi har din udtrykkelige tilladelse c) Det er p\u00e5kr\u00e6vet ved lov eller for at beskytte vores eller andres rettigheder, ejendom eller sikkerhed<\/p><ol start=\"5\"><li>Sikkerhed og opbevaring af personlige oplysninger<\/li><\/ol><p>Vi tr\u00e6ffer passende tekniske og organisatoriske foranstaltninger for at beskytte dine personlige oplysninger mod uautoriseret adgang, tab, misbrug eller \u00e6ndringer. Vi opbevarer dine personlige oplysninger s\u00e5 l\u00e6nge det er n\u00f8dvendigt for at levere de tjenester, du anmoder om, eller som kr\u00e6vet ved lov.<\/p><ol start=\"6\"><li>Dine rettigheder<\/li><\/ol><p>Du har ret til at:<\/p><p>a) Anmode om adgang til, rettelse eller sletning af dine personlige oplysninger b) G\u00f8re indsigelse mod behandlingen af dine personlige oplysninger c) Anmode om begr\u00e6nsning af behandlingen af dine personlige oplysninger d) Modtage dine personlige oplysninger i et struktureret, almindeligt anvendt og maskinl\u00e6sbart format<\/p><p>For at ud\u00f8ve dine rettigheder, bedes du kontakte os p\u00e5 vores kontaktoplysninger<\/p>\t\t\t\t\t\t<\/div>\n\t\t\t\t<\/div>\n\t\t\t\t\t<\/div>\n\t\t<\/div>\n\t\t\t\t\t\t\t<\/div>\n\t\t<\/section>\n\t\t\t\t\t\t\t<\/div>\n\t\t","protected":false},"excerpt":{"rendered":"<p>Privatlivspolitik Privatlivspolitik for MitLivIMusikken.dk Dato for seneste opdatering: 23. april 2023 Introduktion MitLivIMusikken.dk (&#8220;vi&#8221;, &#8220;os&#8221;, eller &#8220;vores&#8221;) er forpligtet til at beskytte og respektere dit privatliv. Denne privatlivspolitik beskriver, hvordan vi indsamler, bruger og beskytter dine personlige oplysninger, n\u00e5r du bes\u00f8ger vores website https:\/\/mitlivimusikken.dk\/ (&#8220;hjemmesiden&#8221;) og bruger vores tjenester. Ved at bruge hjemmesiden accepterer du [&hellip;]<\/p>\n","protected":false},"author":1,"featured_media":0,"parent":0,"menu_order":0,"comment_status":"closed","ping_status":"closed","template":"","meta":[],"_links":{"self":[{"href":"https:\/\/mitlivimusikken.dk\/index.php\/wp-json\/wp\/v2\/pages\/698"}],"collection":[{"href":"https:\/\/mitlivimusikken.dk\/index.php\/wp-json\/wp\/v2\/pages"}],"about":[{"href":"https:\/\/mitlivimusikken.dk\/index.php\/wp-json\/wp\/v2\/types\/page"}],"author":[{"embeddable":true,"href":"https:\/\/mitlivimusikken.dk\/index.php\/wp-json\/wp\/v2\/users\/1"}],"replies":[{"embeddable":true,"href":"https:\/\/mitlivimusikken.dk\/index.php\/wp-json\/wp\/v2\/comments?post=698"}],"version-history":[{"count":4,"href":"https:\/\/mitlivimusikken.dk\/index.php\/wp-json\/wp\/v2\/pages\/698\/revisions"}],"predecessor-version":[{"id":702,"href":"https:\/\/mitlivimusikken.dk\/index.php\/wp-json\/wp\/v2\/pages\/698\/revisions\/702"}],"wp:attachment":[{"href":"https:\/\/mitlivimusikken.dk\/index.php\/wp-json\/wp\/v2\/media?parent=698"}],"curies":[{"name":"wp","href":"https:\/\/api.w.org\/{rel}","templated":true}]}}