{"id":322,"date":"2023-04-10T12:32:49","date_gmt":"2023-04-10T12:32:49","guid":{"rendered":"https:\/\/mitlivimusikken.dk\/?page_id=322"},"modified":"2025-02-27T14:15:58","modified_gmt":"2025-02-27T14:15:58","slug":"musikalsk-foredrag-til-private-fester","status":"publish","type":"page","link":"https:\/\/mitlivimusikken.dk\/index.php\/musikalsk-foredrag-til-private-fester\/","title":{"rendered":"Musikalsk foredrag til private fester"},"content":{"rendered":"\t\t<div data-elementor-type=\"wp-page\" data-elementor-id=\"322\" class=\"elementor elementor-322\">\n\t\t\t\t\t\t\t\t\t<section class=\"elementor-section elementor-top-section elementor-element elementor-element-2e50faa8 elementor-section-height-min-height elementor-section-boxed elementor-section-height-default elementor-section-items-middle\" data-id=\"2e50faa8\" data-element_type=\"section\" data-settings=\"{&quot;background_background&quot;:&quot;classic&quot;}\">\n\t\t\t\t\t\t\t<div class=\"elementor-background-overlay\"><\/div>\n\t\t\t\t\t\t\t<div class=\"elementor-container elementor-column-gap-default\">\n\t\t\t\t\t<div class=\"elementor-column elementor-col-50 elementor-top-column elementor-element elementor-element-3ac3ffc8\" data-id=\"3ac3ffc8\" data-element_type=\"column\">\n\t\t\t<div class=\"elementor-widget-wrap elementor-element-populated\">\n\t\t\t\t\t\t\t\t<div class=\"elementor-element elementor-element-5a0d0673 elementor-hidden-mobile elementor-widget elementor-widget-heading\" data-id=\"5a0d0673\" data-element_type=\"widget\" data-widget_type=\"heading.default\">\n\t\t\t\t<div class=\"elementor-widget-container\">\n\t\t\t<style>\/*! elementor - v3.12.1 - 02-04-2023 *\/\n.elementor-heading-title{padding:0;margin:0;line-height:1}.elementor-widget-heading .elementor-heading-title[class*=elementor-size-]>a{color:inherit;font-size:inherit;line-height:inherit}.elementor-widget-heading .elementor-heading-title.elementor-size-small{font-size:15px}.elementor-widget-heading .elementor-heading-title.elementor-size-medium{font-size:19px}.elementor-widget-heading .elementor-heading-title.elementor-size-large{font-size:29px}.elementor-widget-heading .elementor-heading-title.elementor-size-xl{font-size:39px}.elementor-widget-heading .elementor-heading-title.elementor-size-xxl{font-size:59px}<\/style><h2 class=\"elementor-heading-title elementor-size-default\">Musikalsk foredrag til private fester<\/h2>\t\t<\/div>\n\t\t\t\t<\/div>\n\t\t\t\t<div class=\"elementor-element elementor-element-562602e6 elementor-widget elementor-widget-heading\" data-id=\"562602e6\" data-element_type=\"widget\" data-widget_type=\"heading.default\">\n\t\t\t\t<div class=\"elementor-widget-container\">\n\t\t\t<h2 class=\"elementor-heading-title elementor-size-default\">Vil du skabe en uforglemmelig oplevelse til din n\u00e6ste private fest? <\/h2>\t\t<\/div>\n\t\t\t\t<\/div>\n\t\t\t\t<div class=\"elementor-element elementor-element-52b8e319 elementor-widget elementor-widget-text-editor\" data-id=\"52b8e319\" data-element_type=\"widget\" data-widget_type=\"text-editor.default\">\n\t\t\t\t<div class=\"elementor-widget-container\">\n\t\t\t<style>\/*! elementor - v3.12.1 - 02-04-2023 *\/\n.elementor-widget-text-editor.elementor-drop-cap-view-stacked .elementor-drop-cap{background-color:#69727d;color:#fff}.elementor-widget-text-editor.elementor-drop-cap-view-framed .elementor-drop-cap{color:#69727d;border:3px solid;background-color:transparent}.elementor-widget-text-editor:not(.elementor-drop-cap-view-default) .elementor-drop-cap{margin-top:8px}.elementor-widget-text-editor:not(.elementor-drop-cap-view-default) .elementor-drop-cap-letter{width:1em;height:1em}.elementor-widget-text-editor .elementor-drop-cap{float:left;text-align:center;line-height:1;font-size:50px}.elementor-widget-text-editor .elementor-drop-cap-letter{display:inline-block}<\/style>\t\t\t\t<p>Book Ronnie&#8217;s musikalske foredrag og f\u00e5 en helt s\u00e6rlig musikalsk oplevelse! Ronnie tilbyder en r\u00e6kke af musikalske foredrag om nogle af de st\u00f8rste musikere og bands gennem tiden, som kan tilpasses til din fest og dine g\u00e6ster.<\/p>\t\t\t\t\t\t<\/div>\n\t\t\t\t<\/div>\n\t\t\t\t<div class=\"elementor-element elementor-element-6e450f95 elementor-mobile-align-center elementor-widget elementor-widget-button\" data-id=\"6e450f95\" data-element_type=\"widget\" data-widget_type=\"button.default\">\n\t\t\t\t<div class=\"elementor-widget-container\">\n\t\t\t\t\t<div class=\"elementor-button-wrapper\">\n\t\t\t<a href=\"https:\/\/mitlivimusikken.dk\/index.php\/kontakt\/\" class=\"elementor-button-link elementor-button elementor-size-sm\" role=\"button\">\n\t\t\t\t\t\t<span class=\"elementor-button-content-wrapper\">\n\t\t\t\t\t\t<span class=\"elementor-button-text\">Kontakt<\/span>\n\t\t<\/span>\n\t\t\t\t\t<\/a>\n\t\t<\/div>\n\t\t\t\t<\/div>\n\t\t\t\t<\/div>\n\t\t\t\t\t<\/div>\n\t\t<\/div>\n\t\t\t\t<div class=\"elementor-column elementor-col-50 elementor-top-column elementor-element elementor-element-1003f151\" data-id=\"1003f151\" data-element_type=\"column\">\n\t\t\t<div class=\"elementor-widget-wrap\">\n\t\t\t\t\t\t\t\t\t<\/div>\n\t\t<\/div>\n\t\t\t\t\t\t\t<\/div>\n\t\t<\/section>\n\t\t\t\t<section class=\"elementor-section elementor-top-section elementor-element elementor-element-7f051f44 elementor-section-height-min-height elementor-section-boxed elementor-section-height-default elementor-section-items-middle\" data-id=\"7f051f44\" data-element_type=\"section\" data-settings=\"{&quot;background_background&quot;:&quot;classic&quot;}\">\n\t\t\t\t\t\t\t<div class=\"elementor-background-overlay\"><\/div>\n\t\t\t\t\t\t\t<div class=\"elementor-container elementor-column-gap-default\">\n\t\t\t\t\t<div class=\"elementor-column elementor-col-50 elementor-top-column elementor-element elementor-element-2877866d\" data-id=\"2877866d\" data-element_type=\"column\">\n\t\t\t<div class=\"elementor-widget-wrap elementor-element-populated\">\n\t\t\t\t\t\t\t\t<div class=\"elementor-element elementor-element-6b172572 elementor-widget elementor-widget-heading\" data-id=\"6b172572\" data-element_type=\"widget\" data-widget_type=\"heading.default\">\n\t\t\t\t<div class=\"elementor-widget-container\">\n\t\t\t<h2 class=\"elementor-heading-title elementor-size-default\">N\u00e5r musikken fort\u00e6ller<\/h2>\t\t<\/div>\n\t\t\t\t<\/div>\n\t\t\t\t<div class=\"elementor-element elementor-element-4d9765d0 elementor-widget elementor-widget-text-editor\" data-id=\"4d9765d0\" data-element_type=\"widget\" data-widget_type=\"text-editor.default\">\n\t\t\t\t<div class=\"elementor-widget-container\">\n\t\t\t\t\t\t\t<p>&#8220;Mit liv i musikken&#8221; er et inspirerende og underholdende foredrag, hvor Ronnie Flyvbjerg Olesen deler sin personlige og musikalske rejse med publikum. Ronnie, en talentfuld kapelmester i Mariehaven og for Birthe Kj\u00e6r, er f\u00f8dt i Sydkorea, men opvokset i Danmark. Foredraget giver tilh\u00f8rerne et unikt indblik i hans liv som adoptivbarn, der ankom til en musikalsk familie i det midtjyske.<\/p><p>Gennem en r\u00e6kke flotte musikstykker i forskellige genrer, vil Ronnie demonstrere sin dygtighed som pianist og lede publikum gennem en musikalsk oplevelse, der er krydret med personlige fort\u00e6llinger og anekdoter fra hans liv og karriere. Hans pr\u00e6stationer viser hans alsidighed som musiker og vil give tilh\u00f8rerne en forst\u00e5else af, hvordan hans baggrund og opv\u00e6kst har formet hans musikalske stil og udtryk.<\/p>\t\t\t\t\t\t<\/div>\n\t\t\t\t<\/div>\n\t\t\t\t\t<\/div>\n\t\t<\/div>\n\t\t\t\t<div class=\"elementor-column elementor-col-50 elementor-top-column elementor-element elementor-element-61465bc0\" data-id=\"61465bc0\" data-element_type=\"column\">\n\t\t\t<div class=\"elementor-widget-wrap elementor-element-populated\">\n\t\t\t\t\t\t\t\t<div class=\"elementor-element elementor-element-51edcc0e elementor-widget elementor-widget-image\" data-id=\"51edcc0e\" data-element_type=\"widget\" data-widget_type=\"image.default\">\n\t\t\t\t<div class=\"elementor-widget-container\">\n\t\t\t<style>\/*! elementor - v3.12.1 - 02-04-2023 *\/\n.elementor-widget-image{text-align:center}.elementor-widget-image a{display:inline-block}.elementor-widget-image a img[src$=\".svg\"]{width:48px}.elementor-widget-image img{vertical-align:middle;display:inline-block}<\/style>\t\t\t\t\t\t\t\t\t\t\t\t<img decoding=\"async\" width=\"800\" height=\"600\" src=\"https:\/\/mitlivimusikken.dk\/wp-content\/uploads\/2023\/04\/79491526_2715766068501528_8791050541623934976_n.jpg\" class=\"attachment-large size-large wp-image-625\" alt=\"\" loading=\"lazy\" srcset=\"https:\/\/mitlivimusikken.dk\/wp-content\/uploads\/2023\/04\/79491526_2715766068501528_8791050541623934976_n.jpg 960w, https:\/\/mitlivimusikken.dk\/wp-content\/uploads\/2023\/04\/79491526_2715766068501528_8791050541623934976_n-300x225.jpg 300w, https:\/\/mitlivimusikken.dk\/wp-content\/uploads\/2023\/04\/79491526_2715766068501528_8791050541623934976_n-768x576.jpg 768w\" sizes=\"(max-width: 800px) 100vw, 800px\" \/>\t\t\t\t\t\t\t\t\t\t\t\t\t\t\t<\/div>\n\t\t\t\t<\/div>\n\t\t\t\t\t<\/div>\n\t\t<\/div>\n\t\t\t\t\t\t\t<\/div>\n\t\t<\/section>\n\t\t\t\t<section class=\"elementor-section elementor-top-section elementor-element elementor-element-47f109d7 elementor-section-height-min-height elementor-section-boxed elementor-section-height-default elementor-section-items-middle\" data-id=\"47f109d7\" data-element_type=\"section\" data-settings=\"{&quot;background_background&quot;:&quot;classic&quot;}\">\n\t\t\t\t\t\t\t<div class=\"elementor-background-overlay\"><\/div>\n\t\t\t\t\t\t\t<div class=\"elementor-container elementor-column-gap-default\">\n\t\t\t\t\t<div class=\"elementor-column elementor-col-50 elementor-top-column elementor-element elementor-element-7b3c51d0\" data-id=\"7b3c51d0\" data-element_type=\"column\">\n\t\t\t<div class=\"elementor-widget-wrap elementor-element-populated\">\n\t\t\t\t\t\t\t\t<div class=\"elementor-element elementor-element-7c0358e3 elementor-widget elementor-widget-image\" data-id=\"7c0358e3\" data-element_type=\"widget\" data-widget_type=\"image.default\">\n\t\t\t\t<div class=\"elementor-widget-container\">\n\t\t\t\t\t\t\t\t\t\t\t\t\t\t\t<img decoding=\"async\" width=\"800\" height=\"534\" src=\"https:\/\/mitlivimusikken.dk\/wp-content\/uploads\/2023\/04\/priscilla-du-preez-W3SEyZODn8U-unsplash-1024x683.jpg\" class=\"attachment-large size-large wp-image-465\" alt=\"\" loading=\"lazy\" srcset=\"https:\/\/mitlivimusikken.dk\/wp-content\/uploads\/2023\/04\/priscilla-du-preez-W3SEyZODn8U-unsplash-1024x683.jpg 1024w, https:\/\/mitlivimusikken.dk\/wp-content\/uploads\/2023\/04\/priscilla-du-preez-W3SEyZODn8U-unsplash-300x200.jpg 300w, https:\/\/mitlivimusikken.dk\/wp-content\/uploads\/2023\/04\/priscilla-du-preez-W3SEyZODn8U-unsplash-768x512.jpg 768w, https:\/\/mitlivimusikken.dk\/wp-content\/uploads\/2023\/04\/priscilla-du-preez-W3SEyZODn8U-unsplash-1536x1024.jpg 1536w, https:\/\/mitlivimusikken.dk\/wp-content\/uploads\/2023\/04\/priscilla-du-preez-W3SEyZODn8U-unsplash-2048x1365.jpg 2048w\" sizes=\"(max-width: 800px) 100vw, 800px\" \/>\t\t\t\t\t\t\t\t\t\t\t\t\t\t\t<\/div>\n\t\t\t\t<\/div>\n\t\t\t\t\t<\/div>\n\t\t<\/div>\n\t\t\t\t<div class=\"elementor-column elementor-col-50 elementor-top-column elementor-element elementor-element-429a79fd\" data-id=\"429a79fd\" data-element_type=\"column\">\n\t\t\t<div class=\"elementor-widget-wrap elementor-element-populated\">\n\t\t\t\t\t\t\t\t<div class=\"elementor-element elementor-element-4785439d elementor-widget elementor-widget-heading\" data-id=\"4785439d\" data-element_type=\"widget\" data-widget_type=\"heading.default\">\n\t\t\t\t<div class=\"elementor-widget-container\">\n\t\t\t<h2 class=\"elementor-heading-title elementor-size-default\">Musik, der skaber uforglemmelige \u00f8jeblikke<\/h2>\t\t<\/div>\n\t\t\t\t<\/div>\n\t\t\t\t<div class=\"elementor-element elementor-element-c0de84f elementor-widget elementor-widget-text-editor\" data-id=\"c0de84f\" data-element_type=\"widget\" data-widget_type=\"text-editor.default\">\n\t\t\t\t<div class=\"elementor-widget-container\">\n\t\t\t\t\t\t\t<p>Ronnie&#8217;s musikalske foredrag kan ogs\u00e5 skr\u00e6ddersyes til din private fests temaer og behov, s\u00e5 det skaber en uforglemmelig atmosf\u00e6re og styrker samv\u00e6ret blandt g\u00e6sterne. Gennem musikken og de personlige fort\u00e6llinger skabes en stemning, hvor g\u00e6sterne kan dele oplevelser og reflektere over livets forskellige facetter.<\/p>\t\t\t\t\t\t<\/div>\n\t\t\t\t<\/div>\n\t\t\t\t\t<\/div>\n\t\t<\/div>\n\t\t\t\t\t\t\t<\/div>\n\t\t<\/section>\n\t\t\t\t<section class=\"elementor-section elementor-top-section elementor-element elementor-element-29254141 elementor-section-height-min-height elementor-hidden-mobile elementor-section-boxed elementor-section-height-default elementor-section-items-middle\" data-id=\"29254141\" data-element_type=\"section\" data-settings=\"{&quot;background_background&quot;:&quot;classic&quot;}\">\n\t\t\t\t\t\t<div class=\"elementor-container elementor-column-gap-default\">\n\t\t\t\t\t<div class=\"elementor-column elementor-col-100 elementor-top-column elementor-element elementor-element-3d6650b9\" data-id=\"3d6650b9\" data-element_type=\"column\" data-settings=\"{&quot;background_background&quot;:&quot;classic&quot;}\">\n\t\t\t<div class=\"elementor-widget-wrap elementor-element-populated\">\n\t\t\t\t\t\t\t\t<div class=\"elementor-element elementor-element-3c4b13a7 elementor-widget elementor-widget-heading\" data-id=\"3c4b13a7\" data-element_type=\"widget\" data-widget_type=\"heading.default\">\n\t\t\t\t<div class=\"elementor-widget-container\">\n\t\t\t<h2 class=\"elementor-heading-title elementor-size-default\"> Berig din private fest!<\/h2>\t\t<\/div>\n\t\t\t\t<\/div>\n\t\t\t\t<div class=\"elementor-element elementor-element-73323b05 elementor-widget elementor-widget-text-editor\" data-id=\"73323b05\" data-element_type=\"widget\" data-widget_type=\"text-editor.default\">\n\t\t\t\t<div class=\"elementor-widget-container\">\n\t\t\t\t\t\t\t<p>Inviter Ronnie til at berige din private fest med hans musikalske foredrag og oplev en unik blanding af musik og personlige fort\u00e6llinger, der vil fascinere og inspirere dine g\u00e6ster.<\/p>\t\t\t\t\t\t<\/div>\n\t\t\t\t<\/div>\n\t\t\t\t<div class=\"elementor-element elementor-element-4c70cd16 elementor-widget elementor-widget-button\" data-id=\"4c70cd16\" data-element_type=\"widget\" data-widget_type=\"button.default\">\n\t\t\t\t<div class=\"elementor-widget-container\">\n\t\t\t\t\t<div class=\"elementor-button-wrapper\">\n\t\t\t<a href=\"https:\/\/mitlivimusikken.dk\/index.php\/kontakt\/\" class=\"elementor-button-link elementor-button elementor-size-sm\" role=\"button\">\n\t\t\t\t\t\t<span class=\"elementor-button-content-wrapper\">\n\t\t\t\t\t\t<span class=\"elementor-button-text\">Kontakt<\/span>\n\t\t<\/span>\n\t\t\t\t\t<\/a>\n\t\t<\/div>\n\t\t\t\t<\/div>\n\t\t\t\t<\/div>\n\t\t\t\t\t<\/div>\n\t\t<\/div>\n\t\t\t\t\t\t\t<\/div>\n\t\t<\/section>\n\t\t\t\t\t\t\t<\/div>\n\t\t","protected":false},"excerpt":{"rendered":"<p>Musikalsk foredrag til private fester Vil du skabe en uforglemmelig oplevelse til din n\u00e6ste private fest? Book Ronnie&#8217;s musikalske foredrag og f\u00e5 en helt s\u00e6rlig musikalsk oplevelse! Ronnie tilbyder en r\u00e6kke af musikalske foredrag om nogle af de st\u00f8rste musikere og bands gennem tiden, som kan tilpasses til din fest og dine g\u00e6ster. Kontakt N\u00e5r [&hellip;]<\/p>\n","protected":false},"author":1,"featured_media":0,"parent":0,"menu_order":0,"comment_status":"closed","ping_status":"closed","template":"","meta":[],"_links":{"self":[{"href":"https:\/\/mitlivimusikken.dk\/index.php\/wp-json\/wp\/v2\/pages\/322"}],"collection":[{"href":"https:\/\/mitlivimusikken.dk\/index.php\/wp-json\/wp\/v2\/pages"}],"about":[{"href":"https:\/\/mitlivimusikken.dk\/index.php\/wp-json\/wp\/v2\/types\/page"}],"author":[{"embeddable":true,"href":"https:\/\/mitlivimusikken.dk\/index.php\/wp-json\/wp\/v2\/users\/1"}],"replies":[{"embeddable":true,"href":"https:\/\/mitlivimusikken.dk\/index.php\/wp-json\/wp\/v2\/comments?post=322"}],"version-history":[{"count":43,"href":"https:\/\/mitlivimusikken.dk\/index.php\/wp-json\/wp\/v2\/pages\/322\/revisions"}],"predecessor-version":[{"id":986,"href":"https:\/\/mitlivimusikken.dk\/index.php\/wp-json\/wp\/v2\/pages\/322\/revisions\/986"}],"wp:attachment":[{"href":"https:\/\/mitlivimusikken.dk\/index.php\/wp-json\/wp\/v2\/media?parent=322"}],"curies":[{"name":"wp","href":"https:\/\/api.w.org\/{rel}","templated":true}]}}