{"id":318,"date":"2023-04-10T12:30:09","date_gmt":"2023-04-10T12:30:09","guid":{"rendered":"https:\/\/mitlivimusikken.dk\/?page_id=318"},"modified":"2025-02-26T15:55:07","modified_gmt":"2025-02-26T15:55:07","slug":"musikalsk-foredrag-til-kulturlivet","status":"publish","type":"page","link":"https:\/\/mitlivimusikken.dk\/index.php\/musikalsk-foredrag-til-kulturlivet\/","title":{"rendered":"Musikalsk foredrag til kulturlivet"},"content":{"rendered":"\t\t<div data-elementor-type=\"wp-page\" data-elementor-id=\"318\" class=\"elementor elementor-318\">\n\t\t\t\t\t\t\t\t\t<section class=\"elementor-section elementor-top-section elementor-element elementor-element-6d58469 elementor-section-height-min-height elementor-section-boxed elementor-section-height-default elementor-section-items-middle\" data-id=\"6d58469\" data-element_type=\"section\" data-settings=\"{&quot;background_background&quot;:&quot;classic&quot;}\">\n\t\t\t\t\t\t\t<div class=\"elementor-background-overlay\"><\/div>\n\t\t\t\t\t\t\t<div class=\"elementor-container elementor-column-gap-default\">\n\t\t\t\t\t<div class=\"elementor-column elementor-col-50 elementor-top-column elementor-element elementor-element-ced8b0d\" data-id=\"ced8b0d\" data-element_type=\"column\">\n\t\t\t<div class=\"elementor-widget-wrap elementor-element-populated\">\n\t\t\t\t\t\t\t\t<div class=\"elementor-element elementor-element-37040d2 elementor-hidden-mobile elementor-widget elementor-widget-heading\" data-id=\"37040d2\" data-element_type=\"widget\" data-widget_type=\"heading.default\">\n\t\t\t\t<div class=\"elementor-widget-container\">\n\t\t\t<style>\/*! elementor - v3.12.1 - 02-04-2023 *\/\n.elementor-heading-title{padding:0;margin:0;line-height:1}.elementor-widget-heading .elementor-heading-title[class*=elementor-size-]>a{color:inherit;font-size:inherit;line-height:inherit}.elementor-widget-heading .elementor-heading-title.elementor-size-small{font-size:15px}.elementor-widget-heading .elementor-heading-title.elementor-size-medium{font-size:19px}.elementor-widget-heading .elementor-heading-title.elementor-size-large{font-size:29px}.elementor-widget-heading .elementor-heading-title.elementor-size-xl{font-size:39px}.elementor-widget-heading .elementor-heading-title.elementor-size-xxl{font-size:59px}<\/style><h2 class=\"elementor-heading-title elementor-size-default\">Musikalsk foredrag til kulturlivet<\/h2>\t\t<\/div>\n\t\t\t\t<\/div>\n\t\t\t\t<div class=\"elementor-element elementor-element-51cbb55 elementor-widget__width-initial elementor-widget elementor-widget-heading\" data-id=\"51cbb55\" data-element_type=\"widget\" data-widget_type=\"heading.default\">\n\t\t\t\t<div class=\"elementor-widget-container\">\n\t\t\t<h2 class=\"elementor-heading-title elementor-size-default\">\u00d8nsker du at berige din\nkulturforening med en uforglemmelig musikalsk oplevelse?<\/h2>\t\t<\/div>\n\t\t\t\t<\/div>\n\t\t\t\t<div class=\"elementor-element elementor-element-bedc62c elementor-widget elementor-widget-text-editor\" data-id=\"bedc62c\" data-element_type=\"widget\" data-widget_type=\"text-editor.default\">\n\t\t\t\t<div class=\"elementor-widget-container\">\n\t\t\t<style>\/*! elementor - v3.12.1 - 02-04-2023 *\/\n.elementor-widget-text-editor.elementor-drop-cap-view-stacked .elementor-drop-cap{background-color:#69727d;color:#fff}.elementor-widget-text-editor.elementor-drop-cap-view-framed .elementor-drop-cap{color:#69727d;border:3px solid;background-color:transparent}.elementor-widget-text-editor:not(.elementor-drop-cap-view-default) .elementor-drop-cap{margin-top:8px}.elementor-widget-text-editor:not(.elementor-drop-cap-view-default) .elementor-drop-cap-letter{width:1em;height:1em}.elementor-widget-text-editor .elementor-drop-cap{float:left;text-align:center;line-height:1;font-size:50px}.elementor-widget-text-editor .elementor-drop-cap-letter{display:inline-block}<\/style>\t\t\t\t<p>Har du ledt efter en sp\u00e6ndende foredragsholder med noget p\u00e5 hjerte? Kunne din organisation t\u00e6nke sig at f\u00e5 en unik og sp\u00e6ndende musikalsk oplevelse? Bestil Ronnies musikalske foredrag og lad publikum fordybe sig i en enest\u00e5ende musikalsk rejse!<\/p>\t\t\t\t\t\t<\/div>\n\t\t\t\t<\/div>\n\t\t\t\t<div class=\"elementor-element elementor-element-596cf44 elementor-mobile-align-center elementor-widget elementor-widget-button\" data-id=\"596cf44\" data-element_type=\"widget\" data-widget_type=\"button.default\">\n\t\t\t\t<div class=\"elementor-widget-container\">\n\t\t\t\t\t<div class=\"elementor-button-wrapper\">\n\t\t\t<a href=\"https:\/\/mitlivimusikken.dk\/index.php\/kontakt\/\" class=\"elementor-button-link elementor-button elementor-size-sm\" role=\"button\">\n\t\t\t\t\t\t<span class=\"elementor-button-content-wrapper\">\n\t\t\t\t\t\t<span class=\"elementor-button-text\">Kontakt<\/span>\n\t\t<\/span>\n\t\t\t\t\t<\/a>\n\t\t<\/div>\n\t\t\t\t<\/div>\n\t\t\t\t<\/div>\n\t\t\t\t\t<\/div>\n\t\t<\/div>\n\t\t\t\t<div class=\"elementor-column elementor-col-50 elementor-top-column elementor-element elementor-element-0bf90a7\" data-id=\"0bf90a7\" data-element_type=\"column\">\n\t\t\t<div class=\"elementor-widget-wrap\">\n\t\t\t\t\t\t\t\t\t<\/div>\n\t\t<\/div>\n\t\t\t\t\t\t\t<\/div>\n\t\t<\/section>\n\t\t\t\t<section class=\"elementor-section elementor-top-section elementor-element elementor-element-909bcd6 elementor-section-height-min-height elementor-section-boxed elementor-section-height-default elementor-section-items-middle\" data-id=\"909bcd6\" data-element_type=\"section\" data-settings=\"{&quot;background_background&quot;:&quot;classic&quot;}\">\n\t\t\t\t\t\t\t<div class=\"elementor-background-overlay\"><\/div>\n\t\t\t\t\t\t\t<div class=\"elementor-container elementor-column-gap-default\">\n\t\t\t\t\t<div class=\"elementor-column elementor-col-50 elementor-top-column elementor-element elementor-element-888e5d2\" data-id=\"888e5d2\" data-element_type=\"column\">\n\t\t\t<div class=\"elementor-widget-wrap elementor-element-populated\">\n\t\t\t\t\t\t\t\t<div class=\"elementor-element elementor-element-51dd3a9 elementor-widget elementor-widget-heading\" data-id=\"51dd3a9\" data-element_type=\"widget\" data-widget_type=\"heading.default\">\n\t\t\t\t<div class=\"elementor-widget-container\">\n\t\t\t<h2 class=\"elementor-heading-title elementor-size-default\">Musikken og personen bag<\/h2>\t\t<\/div>\n\t\t\t\t<\/div>\n\t\t\t\t<div class=\"elementor-element elementor-element-f0216c5 elementor-widget elementor-widget-text-editor\" data-id=\"f0216c5\" data-element_type=\"widget\" data-widget_type=\"text-editor.default\">\n\t\t\t\t<div class=\"elementor-widget-container\">\n\t\t\t\t\t\t\t<p>I vil komme til at m\u00f8de et us\u00e6dvanligt talent for musik,<br \/>fort\u00e6lling og formidling. Foredraget henvender sig til alle<br \/>slags kulturinstitutioner &#8211; det v\u00e6re sig museer, teatre,<br \/>koncertsale, biografer, gallerier, biblioteker, gallerier etc. og<br \/>m\u00e5lgruppen vil v\u00e6re utroligt bred. Ronnie bringer sit positive<br \/>livssyn med sig og l\u00f8fter b\u00e5de publikum og f\u00e6llesskabet til<br \/>nye musikalske h\u00f8jder.<\/p>\t\t\t\t\t\t<\/div>\n\t\t\t\t<\/div>\n\t\t\t\t\t<\/div>\n\t\t<\/div>\n\t\t\t\t<div class=\"elementor-column elementor-col-50 elementor-top-column elementor-element elementor-element-da9f6af\" data-id=\"da9f6af\" data-element_type=\"column\">\n\t\t\t<div class=\"elementor-widget-wrap elementor-element-populated\">\n\t\t\t\t\t\t\t\t<div class=\"elementor-element elementor-element-039e865 elementor-widget elementor-widget-image\" data-id=\"039e865\" data-element_type=\"widget\" data-widget_type=\"image.default\">\n\t\t\t\t<div class=\"elementor-widget-container\">\n\t\t\t<style>\/*! elementor - v3.12.1 - 02-04-2023 *\/\n.elementor-widget-image{text-align:center}.elementor-widget-image a{display:inline-block}.elementor-widget-image a img[src$=\".svg\"]{width:48px}.elementor-widget-image img{vertical-align:middle;display:inline-block}<\/style>\t\t\t\t\t\t\t\t\t\t\t\t<img decoding=\"async\" width=\"533\" height=\"800\" src=\"https:\/\/mitlivimusikken.dk\/wp-content\/uploads\/2023\/04\/280538_1792222415700_1547819_o.jpg\" class=\"attachment-large size-large wp-image-671\" alt=\"\" loading=\"lazy\" srcset=\"https:\/\/mitlivimusikken.dk\/wp-content\/uploads\/2023\/04\/280538_1792222415700_1547819_o.jpg 533w, https:\/\/mitlivimusikken.dk\/wp-content\/uploads\/2023\/04\/280538_1792222415700_1547819_o-200x300.jpg 200w\" sizes=\"(max-width: 533px) 100vw, 533px\" \/>\t\t\t\t\t\t\t\t\t\t\t\t\t\t\t<\/div>\n\t\t\t\t<\/div>\n\t\t\t\t\t<\/div>\n\t\t<\/div>\n\t\t\t\t\t\t\t<\/div>\n\t\t<\/section>\n\t\t\t\t<section class=\"elementor-section elementor-top-section elementor-element elementor-element-916d92c elementor-section-height-min-height elementor-section-boxed elementor-section-height-default elementor-section-items-middle\" data-id=\"916d92c\" data-element_type=\"section\" data-settings=\"{&quot;background_background&quot;:&quot;classic&quot;}\">\n\t\t\t\t\t\t\t<div class=\"elementor-background-overlay\"><\/div>\n\t\t\t\t\t\t\t<div class=\"elementor-container elementor-column-gap-default\">\n\t\t\t\t\t<div class=\"elementor-column elementor-col-50 elementor-top-column elementor-element elementor-element-b900134\" data-id=\"b900134\" data-element_type=\"column\">\n\t\t\t<div class=\"elementor-widget-wrap elementor-element-populated\">\n\t\t\t\t\t\t\t\t<div class=\"elementor-element elementor-element-0bf9fd2 elementor-widget elementor-widget-image\" data-id=\"0bf9fd2\" data-element_type=\"widget\" data-widget_type=\"image.default\">\n\t\t\t\t<div class=\"elementor-widget-container\">\n\t\t\t\t\t\t\t\t\t\t\t\t\t\t\t<img decoding=\"async\" width=\"800\" height=\"434\" src=\"https:\/\/mitlivimusikken.dk\/wp-content\/uploads\/2023\/04\/336914972_132464542936992_3061458429895941254_n.jpg\" class=\"attachment-large size-large wp-image-601\" alt=\"\" loading=\"lazy\" srcset=\"https:\/\/mitlivimusikken.dk\/wp-content\/uploads\/2023\/04\/336914972_132464542936992_3061458429895941254_n.jpg 960w, https:\/\/mitlivimusikken.dk\/wp-content\/uploads\/2023\/04\/336914972_132464542936992_3061458429895941254_n-300x163.jpg 300w, https:\/\/mitlivimusikken.dk\/wp-content\/uploads\/2023\/04\/336914972_132464542936992_3061458429895941254_n-768x417.jpg 768w\" sizes=\"(max-width: 800px) 100vw, 800px\" \/>\t\t\t\t\t\t\t\t\t\t\t\t\t\t\t<\/div>\n\t\t\t\t<\/div>\n\t\t\t\t\t<\/div>\n\t\t<\/div>\n\t\t\t\t<div class=\"elementor-column elementor-col-50 elementor-top-column elementor-element elementor-element-a3cfd15\" data-id=\"a3cfd15\" data-element_type=\"column\">\n\t\t\t<div class=\"elementor-widget-wrap elementor-element-populated\">\n\t\t\t\t\t\t\t\t<div class=\"elementor-element elementor-element-3f5c9c1 elementor-widget elementor-widget-heading\" data-id=\"3f5c9c1\" data-element_type=\"widget\" data-widget_type=\"heading.default\">\n\t\t\t\t<div class=\"elementor-widget-container\">\n\t\t\t<h2 class=\"elementor-heading-title elementor-size-default\">N\u00e5r musikken taler - et helhjertet foredrag<\/h2>\t\t<\/div>\n\t\t\t\t<\/div>\n\t\t\t\t<div class=\"elementor-element elementor-element-2506a57 elementor-widget elementor-widget-text-editor\" data-id=\"2506a57\" data-element_type=\"widget\" data-widget_type=\"text-editor.default\">\n\t\t\t\t<div class=\"elementor-widget-container\">\n\t\t\t\t\t\t\t<p>\u201cMit liv i musikken\u201d er et inspirerende og underholdende foredrag, hvor Ronnie Flyvbjerg Olesen deler sin personlige og musikalske rejse med tilh\u00f8rerne. Ronnie, en dygtig kapelmester i Mariehaven og for Birthe Kj\u00e6r, er f\u00f8dt i Sydkorea men opvokset i Danmark. Foredraget giver publikum et unikt indblik i hans liv som adoptivbarn, der ankom til en musikalsk familie i Midtjylland. Gennem et udvalg af smukke musikstykker i forskellige genrer, fremviser Ronnie sin kunnen som en af Danmarks f\u00f8rende tangentspillere og guider publikum gennem en musikalsk rejse krydret med personlige historier og anekdoter fra hans liv og karriere. Hans optr\u00e6den afspejler hans alsidighed som musiker og giver tilh\u00f8rerne en forst\u00e5else for, hvordan hans baggrund og opv\u00e6kst har formet hans musikalske stil og udtryk.<\/p>\t\t\t\t\t\t<\/div>\n\t\t\t\t<\/div>\n\t\t\t\t\t<\/div>\n\t\t<\/div>\n\t\t\t\t\t\t\t<\/div>\n\t\t<\/section>\n\t\t\t\t<section class=\"elementor-section elementor-top-section elementor-element elementor-element-68a89dc elementor-section-height-min-height elementor-hidden-mobile elementor-section-boxed elementor-section-height-default elementor-section-items-middle\" data-id=\"68a89dc\" data-element_type=\"section\" data-settings=\"{&quot;background_background&quot;:&quot;classic&quot;}\">\n\t\t\t\t\t\t<div class=\"elementor-container elementor-column-gap-default\">\n\t\t\t\t\t<div class=\"elementor-column elementor-col-100 elementor-top-column elementor-element elementor-element-b37aa2a\" data-id=\"b37aa2a\" data-element_type=\"column\" data-settings=\"{&quot;background_background&quot;:&quot;classic&quot;}\">\n\t\t\t<div class=\"elementor-widget-wrap elementor-element-populated\">\n\t\t\t\t\t\t\t\t<div class=\"elementor-element elementor-element-8867bea elementor-widget elementor-widget-heading\" data-id=\"8867bea\" data-element_type=\"widget\" data-widget_type=\"heading.default\">\n\t\t\t\t<div class=\"elementor-widget-container\">\n\t\t\t<h2 class=\"elementor-heading-title elementor-size-default\">En verden af harmonier<\/h2>\t\t<\/div>\n\t\t\t\t<\/div>\n\t\t\t\t<div class=\"elementor-element elementor-element-4aee5ee elementor-widget elementor-widget-text-editor\" data-id=\"4aee5ee\" data-element_type=\"widget\" data-widget_type=\"text-editor.default\">\n\t\t\t\t<div class=\"elementor-widget-container\">\n\t\t\t\t\t\t\t<p>Inviter Ronnie til at berige jeres kulturliv med<br \/>hans musikalske foredrag og lad tilh\u00f8rerne<br \/>opleve en unik blanding af musik og personlige<br \/>fort\u00e6llinger, der vil fascinere og inspirere<br \/>samtlige tilskuere.<\/p>\t\t\t\t\t\t<\/div>\n\t\t\t\t<\/div>\n\t\t\t\t<div class=\"elementor-element elementor-element-0e32ee3 elementor-widget elementor-widget-button\" data-id=\"0e32ee3\" data-element_type=\"widget\" data-widget_type=\"button.default\">\n\t\t\t\t<div class=\"elementor-widget-container\">\n\t\t\t\t\t<div class=\"elementor-button-wrapper\">\n\t\t\t<a href=\"https:\/\/mitlivimusikken.dk\/index.php\/kontakt\/\" class=\"elementor-button-link elementor-button elementor-size-sm\" role=\"button\">\n\t\t\t\t\t\t<span class=\"elementor-button-content-wrapper\">\n\t\t\t\t\t\t<span class=\"elementor-button-text\">Kontakt<\/span>\n\t\t<\/span>\n\t\t\t\t\t<\/a>\n\t\t<\/div>\n\t\t\t\t<\/div>\n\t\t\t\t<\/div>\n\t\t\t\t\t<\/div>\n\t\t<\/div>\n\t\t\t\t\t\t\t<\/div>\n\t\t<\/section>\n\t\t\t\t\t\t\t<\/div>\n\t\t","protected":false},"excerpt":{"rendered":"<p>Musikalsk foredrag til kulturlivet \u00d8nsker du at berige din kulturforening med en uforglemmelig musikalsk oplevelse? Har du ledt efter en sp\u00e6ndende foredragsholder med noget p\u00e5 hjerte? Kunne din organisation t\u00e6nke sig at f\u00e5 en unik og sp\u00e6ndende musikalsk oplevelse? Bestil Ronnies musikalske foredrag og lad publikum fordybe sig i en enest\u00e5ende musikalsk rejse! Kontakt Musikken [&hellip;]<\/p>\n","protected":false},"author":1,"featured_media":0,"parent":0,"menu_order":0,"comment_status":"closed","ping_status":"closed","template":"","meta":[],"_links":{"self":[{"href":"https:\/\/mitlivimusikken.dk\/index.php\/wp-json\/wp\/v2\/pages\/318"}],"collection":[{"href":"https:\/\/mitlivimusikken.dk\/index.php\/wp-json\/wp\/v2\/pages"}],"about":[{"href":"https:\/\/mitlivimusikken.dk\/index.php\/wp-json\/wp\/v2\/types\/page"}],"author":[{"embeddable":true,"href":"https:\/\/mitlivimusikken.dk\/index.php\/wp-json\/wp\/v2\/users\/1"}],"replies":[{"embeddable":true,"href":"https:\/\/mitlivimusikken.dk\/index.php\/wp-json\/wp\/v2\/comments?post=318"}],"version-history":[{"count":43,"href":"https:\/\/mitlivimusikken.dk\/index.php\/wp-json\/wp\/v2\/pages\/318\/revisions"}],"predecessor-version":[{"id":955,"href":"https:\/\/mitlivimusikken.dk\/index.php\/wp-json\/wp\/v2\/pages\/318\/revisions\/955"}],"wp:attachment":[{"href":"https:\/\/mitlivimusikken.dk\/index.php\/wp-json\/wp\/v2\/media?parent=318"}],"curies":[{"name":"wp","href":"https:\/\/api.w.org\/{rel}","templated":true}]}}